{"id":1321,"date":"2024-08-05T17:47:54","date_gmt":"2024-08-05T15:47:54","guid":{"rendered":"https:\/\/nextlevelestateagents.es\/?page_id=1321"},"modified":"2024-08-26T01:02:56","modified_gmt":"2024-08-25T23:02:56","slug":"privacy-policy","status":"publish","type":"page","link":"https:\/\/www.nextlevelestateagents.es\/en\/privacy-policy\/","title":{"rendered":"Privacy Policy"},"content":{"rendered":"\t\t<div data-elementor-type=\"wp-page\" data-elementor-id=\"1321\" class=\"elementor elementor-1321 elementor-809\">\n\t\t\t\t<div class=\"elementor-element elementor-element-2da110a e-flex e-con-boxed e-con e-parent\" data-id=\"2da110a\" data-element_type=\"container\">\n\t\t\t\t\t<div class=\"e-con-inner\">\n\t\t\t\t<div class=\"elementor-element elementor-element-ef5b228 elementor-widget elementor-widget-text-editor\" data-id=\"ef5b228\" data-element_type=\"widget\" data-widget_type=\"text-editor.default\">\n\t\t\t\t<div class=\"elementor-widget-container\">\n\t\t\t<style>\/*! elementor - v3.23.0 - 05-08-2024 *\/\n.elementor-widget-text-editor.elementor-drop-cap-view-stacked .elementor-drop-cap{background-color:#69727d;color:#fff}.elementor-widget-text-editor.elementor-drop-cap-view-framed .elementor-drop-cap{color:#69727d;border:3px solid;background-color:transparent}.elementor-widget-text-editor:not(.elementor-drop-cap-view-default) .elementor-drop-cap{margin-top:8px}.elementor-widget-text-editor:not(.elementor-drop-cap-view-default) .elementor-drop-cap-letter{width:1em;height:1em}.elementor-widget-text-editor .elementor-drop-cap{float:left;text-align:center;line-height:1;font-size:50px}.elementor-widget-text-editor .elementor-drop-cap-letter{display:inline-block}<\/style>\t\t\t\t<h3><strong>Privacy Policy<\/strong><\/h3><p><b>Responsible for your data Company name:<\/b><\/p><p><b>\u00a0<\/b><\/p><ul><li aria-level=\"1\">Mercedes Boto Seco<\/li><li aria-level=\"1\">12375640 F<\/li><li aria-level=\"1\">PL. Joaqu\u00edn G\u00f3mez Aguera, 29601 Marbella, M\u00e1laga<\/li><li aria-level=\"1\">info@nextlevelestateagents.com<\/li><\/ul><div>\u00a0<\/div><p>This legal notice regulates the use of our website https:\/\/nextlevelestateagents.es\/, belonging to MERCEDES BOTO SECO, registered in the Mercantile Registry of Malaga, with DNI 12375640F.<\/p><p>\u00a0<\/p><p><b>Legislation and Jurisdiction<\/b><\/p><p><b>\u00a0<\/b><\/p><p>The relationship between MERCEDES BOTO SECO 12375640F and its users is subject to Spanish legislation and jurisdiction. Specifically, regulated by Organic Law 34\/2002, of 11 July, on Information Society Services and Electronic Commerce, Organic Law 3\/2018, of 5 December, on Personal Data Protection and guarantee of digital rights, as an adaptation of the General Data Protection Regulation of the European Union 2016\/679 of 27 April 2016 (enters into force on 26 May 2018) on the protection of individuals with regard to the processing of personal data and the free movement of such data.<\/p><p>\u00a0<\/p><p><b>Fulfilling the principle of active responsibility.<\/b><\/p><p><b>\u00a0<\/b><\/p><p><b>Privacy policy<\/b><\/p><p><b>\u00a0<\/b><\/p><p>The purpose for which the data is collected is to be able to inform about the interested party&#8217;s request and to be able to manage the services offered.<\/p><p>\u00a0<\/p><p>For the purposes of the provisions of the General Data Protection Regulation of the European Union 2016\/679 and LO 3\/2018 on the Protection of Personal Data and guarantee of digital rights, as well as other applicable regulations, MERCEDES BOTO SECO, with DNI 12375640F.<\/p><p>\u00a0<\/p><p>Informs the User of the existence of an internal file owned by MERCEDES BOTO SECO, with ID 12375640F, where your general data will be stored, created with the purpose of managing the relationship with users, customers and potential customers, as well as informing you about our products and services.<\/p><p>\u00a0<\/p><p>The data we store are exclusively necessary for the performance of the activity of the services offered by the activity and may include:<\/p><p>\u00a0<\/p><ul><li aria-level=\"1\">Name and surname.<\/li><li aria-level=\"1\">IDENTITY CARD<\/li><li aria-level=\"1\">Company identification data<\/li><li aria-level=\"1\">Telephone number.<\/li><li aria-level=\"1\">E-mail.<\/li><\/ul><div>\u00a0<\/div><p><b>How long will we keep your data?<\/b><\/p><p><b>\u00a0<\/b><\/p><p>MERCEDES BOTO SECO, DNI 12375640F will keep your personal data for the time necessary to fulfil the purpose for which it was collected. In the event that your personal data is used for several purposes that will require us to keep it for different periods of time, we will apply the longest retention period.<\/p><p>\u00a0<\/p><p>In any case, we inform you that your personal data will be kept as long as you do not request their deletion, as well as for the time necessary to comply with the legal obligations that apply in each case.<\/p><p>\u00a0<\/p><p>You may withdraw your consent for all additional purposes, without in any case the withdrawal of any of these consents conditioned to guarantee you a correct management of the commercial relationship.<\/p><p>\u00a0<\/p><p>Tambi\u00e9n puede ejercer su derecho de acceso, modificaci\u00f3n, cancelaci\u00f3n y oposici\u00f3n a los mencionados datos dirigi\u00e9ndose a MERCEDES BOTO SECO personalmente, o mediante la siguiente direcci\u00f3n de correo electr\u00f3nico: info@nextlevelestateagents.com<\/p><p>\u00a0<\/p><p>We will review and respond to them within a maximum of one month (this may be extended by two months for particularly complex requests and you must notify us of this extension within the first month).<\/p><p>\u00a0<\/p><p>Detailed information about your rights:<\/p><p>\u00a0<\/p><p><b>your rights<\/b><\/p><p><b>\u00a0<\/b><\/p><p>You can obtain confirmation if MERCEDES BOTO SECO treats your personal data, as well as consult your personal data included in the files of MERCEDES BOTO SECO.<\/p><p>\u00a0<\/p><p><b>Correction<\/b><\/p><p><b>\u00a0<\/b><\/p><p>You will be able to modify your personal data when they are inaccurate, as well as to complete those that are incomplete.<\/p><p>\u00a0<\/p><p><b>Suppression<\/b><\/p><p><b>\u00a0<\/b><\/p><p>You may request the deletion of your personal data when, among other reasons, the data are no longer necessary for the purposes for which they were collected.<\/p><p>\u00a0<\/p><p><b>Opposition<\/b><\/p><p><b>\u00a0<\/b><\/p><p>You may request that your personal data not be processed. We will stop processing the data, except for compelling legitimate reasons, or the exercise or defence of possible claims.<\/p><p>\u00a0<\/p><p>Limitation of processing:<\/p><p>\u00a0<\/p><p>You may request the limitation to the processing of your data in the following cases:<\/p><p>\u00a0<\/p><p>-When the accuracy of your data is contested;<\/p><p>\u00a0<\/p><p>-When the processing is unlawful, you object to the deletion of your data, and request the limitation of its use;<\/p><p>\u00a0<\/p><p>-When MERCEDES BOTO SECO does not need to process your data, but you need them for the exercise or defence of claims;<\/p><p>\u00a0<\/p><p>-When you have objected to the processing of your data for the fulfilment of a public interest mission or for the satisfaction of a legitimate interest, while we verify whether the legitimate reasons for the processing prevail over yours.<\/p><p>\u00a0<\/p><p>Portability<\/p><p>\u00a0<\/p><p>You may receive, in electronic format, the personal data that you have provided us with and those that have been obtained from your contractual relationship with MERCEDES BOTO SECO as well as to transmit them to another entity.<\/p><p>\u00a0<\/p><p><b><i>*To exercise your rights you must attach a copy of your ID card or other document proving your identity, and indicating the right you wish to exercise.\u00a0<\/i><\/b>You may exercise these rights by sending a written request to MERCEDES BOTO SECO at the address indicated above or by sending an e-mail to info@nextlevelestateagents.com.<\/p><p>\u00a0<\/p><p>If you consider that MERCEDES BOTO SECO has not processed your personal data in accordance with the applicable regulations, you may lodge a complaint with the competent supervisory authority via the link we provide on the official website of the Spanish Data Protection Agency www.agpd.es.<\/p><p>\u00a0<\/p><p><b><i>The exercise of this right is free of charge.<\/i><\/b><\/p><p><b><i>\u00a0<\/i><\/b><\/p><p><b>Intellectual and industrial property<\/b><\/p><p><b>\u00a0<\/b><\/p><p>The intellectual property rights of the content of the web pages, its graphic design, codes <b>and all its contents, including texts, images, videos, databases and any other material it contains<\/b> are owned by MERCEDES BOTO SECO and, therefore, its reproduction, distribution, public communication, transformation or any other activity that may be carried out with the contents of its web pages is forbidden, except with the written consent of MERCEDES BOTO SECO.<\/p><p>\u00a0<\/p><p>MERCEDES BOTO SECO reserves the right to change, modify, extend the contents, information, applications, etc. of this website at any time and without prior notice.<\/p><p>\u00a0<\/p><p><b>Third party<\/b><\/p><p><b>\u00a0<\/b><\/p><p>The links contained in the MERCEDES BOTO SECO website may lead to third party websites over which MERCEDES BOTO SECO has no control, and therefore MERCEDES BOTO SECO does not assume any responsibility for the content, information or services that these links may offer. MERCEDES BOTO SECO will not transfer directly any file or information to third parties without prior consent.<\/p><p>\u00a0<\/p><p><b>Acceptance and consent<\/b><\/p><p><b>\u00a0<\/b><\/p><p>The User declares to have been informed of the conditions on personal data protection, accepting and consenting ACTIVELY AND IN A VERIFIABLE WAY the treatment of these data by MERCEDES BOTO SECO, in the manner and for the purposes indicated in this Legal Notice.<\/p><p>\u00a0<\/p><p>In relation to the processing of personal data of a minor, it will be lawful where the minor is at least 16 years of age, otherwise such processing will only be lawful if and to the extent that the holder of parental responsibility over the child gives or authorises his or her consent.<\/p><p>\u00a0<\/p><p>*The GDPR allows member states to set a lower age, provided it is not lower than 13 years.<\/p><p>\u00a0<\/p><p><b>Use of the website<\/b>:<\/p><p>\u00a0<\/p><p>It is not responsible for typographical, formal or numerical errors that this website may contain, nor for the accuracy or timeliness of the information, although it will make every effort to avoid, correct and update them. Neither can it guarantee that the website and the server are free of viruses, nor can it be held responsible for any damage caused by accessing the website or the impossibility of accessing it.<\/p><p>\u00a0<\/p><p>Liability is excluded for any damage or harm to the user&#8217;s software or hardware that may arise from accessing the site or from the use, transmission, dissemination or storage of the information or applications contained therein.<\/p><p>\u00a0<\/p><p>The administrative information provided through these pages does not replace the publicity and legal texts that must be formally published in the BOE, DOGC, BOP and other official newspapers.<\/p><p>\u00a0<\/p><p>MERCEDES BOTO SECO reserves the right to change, modify, extend the contents, information, applications, etc. of this website at any time and without prior notice.<\/p>\t\t\t\t\t\t<\/div>\n\t\t\t\t<\/div>\n\t\t\t\t\t<\/div>\n\t\t\t\t<\/div>\n\t\t\t\t<\/div>\n\t\t","protected":false},"excerpt":{"rendered":"<p>Privacy Policy Responsible for your data Company name: \u00a0 Mercedes Boto Seco 12375640 F PL. Joaqu\u00edn G\u00f3mez Aguera, 29601 Marbella, M\u00e1laga info@nextlevelestateagents.com This legal notice regulates the use of our website https:\/\/nextlevelestateagents.es\/, belonging to MERCEDES BOTO SECO, registered in the Mercantile Registry of Malaga, with DNI 12375640F. Legislation and Jurisdiction \u00a0 The relationship between MERCEDES [&hellip;]<\/p>\n","protected":false},"author":1,"featured_media":0,"parent":0,"menu_order":0,"comment_status":"closed","ping_status":"closed","template":"","meta":{"_joinchat":[],"footnotes":""},"class_list":["post-1321","page","type-page","status-publish","hentry"],"yoast_head":"<!-- This site is optimized with the Yoast SEO plugin v23.3 - https:\/\/yoast.com\/wordpress\/plugins\/seo\/ -->\n<title>Privacy Policy - Next Level Estate Agents<\/title>\n<meta name=\"robots\" content=\"index, follow, max-snippet:-1, max-image-preview:large, max-video-preview:-1\" \/>\n<link rel=\"canonical\" href=\"https:\/\/www.nextlevelestateagents.es\/en\/privacy-policy\/\" \/>\n<meta property=\"og:locale\" content=\"en_US\" \/>\n<meta property=\"og:type\" content=\"article\" \/>\n<meta property=\"og:title\" content=\"Privacy Policy - Next Level Estate Agents\" \/>\n<meta property=\"og:description\" content=\"Privacy Policy Responsible for your data Company name: \u00a0 Mercedes Boto Seco 12375640 F PL. Joaqu\u00edn G\u00f3mez Aguera, 29601 Marbella, M\u00e1laga info@nextlevelestateagents.com This legal notice regulates the use of our website https:\/\/nextlevelestateagents.es\/, belonging to MERCEDES BOTO SECO, registered in the Mercantile Registry of Malaga, with DNI 12375640F. Legislation and Jurisdiction \u00a0 The relationship between MERCEDES [&hellip;]\" \/>\n<meta property=\"og:url\" content=\"https:\/\/www.nextlevelestateagents.es\/en\/privacy-policy\/\" \/>\n<meta property=\"og:site_name\" content=\"Next Level Estate Agents\" \/>\n<meta property=\"article:modified_time\" content=\"2024-08-25T23:02:56+00:00\" \/>\n<meta name=\"twitter:card\" content=\"summary_large_image\" \/>\n<meta name=\"twitter:label1\" content=\"Est. reading time\" \/>\n\t<meta name=\"twitter:data1\" content=\"7 minutes\" \/>\n<script type=\"application\/ld+json\" class=\"yoast-schema-graph\">{\"@context\":\"https:\/\/schema.org\",\"@graph\":[{\"@type\":\"WebPage\",\"@id\":\"https:\/\/www.nextlevelestateagents.es\/en\/privacy-policy\/\",\"url\":\"https:\/\/www.nextlevelestateagents.es\/en\/privacy-policy\/\",\"name\":\"Privacy Policy - Next Level Estate Agents\",\"isPartOf\":{\"@id\":\"https:\/\/www.nextlevelestateagents.es\/en\/#website\"},\"datePublished\":\"2024-08-05T15:47:54+00:00\",\"dateModified\":\"2024-08-25T23:02:56+00:00\",\"breadcrumb\":{\"@id\":\"https:\/\/www.nextlevelestateagents.es\/en\/privacy-policy\/#breadcrumb\"},\"inLanguage\":\"en-US\",\"potentialAction\":[{\"@type\":\"ReadAction\",\"target\":[\"https:\/\/www.nextlevelestateagents.es\/en\/privacy-policy\/\"]}]},{\"@type\":\"BreadcrumbList\",\"@id\":\"https:\/\/www.nextlevelestateagents.es\/en\/privacy-policy\/#breadcrumb\",\"itemListElement\":[{\"@type\":\"ListItem\",\"position\":1,\"name\":\"Portada\",\"item\":\"https:\/\/www.nextlevelestateagents.es\/en\/\"},{\"@type\":\"ListItem\",\"position\":2,\"name\":\"Privacy Policy\"}]},{\"@type\":\"WebSite\",\"@id\":\"https:\/\/www.nextlevelestateagents.es\/en\/#website\",\"url\":\"https:\/\/www.nextlevelestateagents.es\/en\/\",\"name\":\"Mercedes Boto\",\"description\":\"Inmobiliaria en Marbella\",\"potentialAction\":[{\"@type\":\"SearchAction\",\"target\":{\"@type\":\"EntryPoint\",\"urlTemplate\":\"https:\/\/www.nextlevelestateagents.es\/en\/?s={search_term_string}\"},\"query-input\":\"required name=search_term_string\"}],\"inLanguage\":\"en-US\"}]}<\/script>\n<!-- \/ Yoast SEO plugin. -->","yoast_head_json":{"title":"Privacy Policy - Next Level Estate Agents","robots":{"index":"index","follow":"follow","max-snippet":"max-snippet:-1","max-image-preview":"max-image-preview:large","max-video-preview":"max-video-preview:-1"},"canonical":"https:\/\/www.nextlevelestateagents.es\/en\/privacy-policy\/","og_locale":"en_US","og_type":"article","og_title":"Privacy Policy - Next Level Estate Agents","og_description":"Privacy Policy Responsible for your data Company name: \u00a0 Mercedes Boto Seco 12375640 F PL. Joaqu\u00edn G\u00f3mez Aguera, 29601 Marbella, M\u00e1laga info@nextlevelestateagents.com This legal notice regulates the use of our website https:\/\/nextlevelestateagents.es\/, belonging to MERCEDES BOTO SECO, registered in the Mercantile Registry of Malaga, with DNI 12375640F. Legislation and Jurisdiction \u00a0 The relationship between MERCEDES [&hellip;]","og_url":"https:\/\/www.nextlevelestateagents.es\/en\/privacy-policy\/","og_site_name":"Next Level Estate Agents","article_modified_time":"2024-08-25T23:02:56+00:00","twitter_card":"summary_large_image","twitter_misc":{"Est. reading time":"7 minutes"},"schema":{"@context":"https:\/\/schema.org","@graph":[{"@type":"WebPage","@id":"https:\/\/www.nextlevelestateagents.es\/en\/privacy-policy\/","url":"https:\/\/www.nextlevelestateagents.es\/en\/privacy-policy\/","name":"Privacy Policy - Next Level Estate Agents","isPartOf":{"@id":"https:\/\/www.nextlevelestateagents.es\/en\/#website"},"datePublished":"2024-08-05T15:47:54+00:00","dateModified":"2024-08-25T23:02:56+00:00","breadcrumb":{"@id":"https:\/\/www.nextlevelestateagents.es\/en\/privacy-policy\/#breadcrumb"},"inLanguage":"en-US","potentialAction":[{"@type":"ReadAction","target":["https:\/\/www.nextlevelestateagents.es\/en\/privacy-policy\/"]}]},{"@type":"BreadcrumbList","@id":"https:\/\/www.nextlevelestateagents.es\/en\/privacy-policy\/#breadcrumb","itemListElement":[{"@type":"ListItem","position":1,"name":"Portada","item":"https:\/\/www.nextlevelestateagents.es\/en\/"},{"@type":"ListItem","position":2,"name":"Privacy Policy"}]},{"@type":"WebSite","@id":"https:\/\/www.nextlevelestateagents.es\/en\/#website","url":"https:\/\/www.nextlevelestateagents.es\/en\/","name":"Mercedes Boto","description":"Inmobiliaria en Marbella","potentialAction":[{"@type":"SearchAction","target":{"@type":"EntryPoint","urlTemplate":"https:\/\/www.nextlevelestateagents.es\/en\/?s={search_term_string}"},"query-input":"required name=search_term_string"}],"inLanguage":"en-US"}]}},"_links":{"self":[{"href":"https:\/\/www.nextlevelestateagents.es\/en\/wp-json\/wp\/v2\/pages\/1321"}],"collection":[{"href":"https:\/\/www.nextlevelestateagents.es\/en\/wp-json\/wp\/v2\/pages"}],"about":[{"href":"https:\/\/www.nextlevelestateagents.es\/en\/wp-json\/wp\/v2\/types\/page"}],"author":[{"embeddable":true,"href":"https:\/\/www.nextlevelestateagents.es\/en\/wp-json\/wp\/v2\/users\/1"}],"replies":[{"embeddable":true,"href":"https:\/\/www.nextlevelestateagents.es\/en\/wp-json\/wp\/v2\/comments?post=1321"}],"version-history":[{"count":5,"href":"https:\/\/www.nextlevelestateagents.es\/en\/wp-json\/wp\/v2\/pages\/1321\/revisions"}],"predecessor-version":[{"id":1326,"href":"https:\/\/www.nextlevelestateagents.es\/en\/wp-json\/wp\/v2\/pages\/1321\/revisions\/1326"}],"wp:attachment":[{"href":"https:\/\/www.nextlevelestateagents.es\/en\/wp-json\/wp\/v2\/media?parent=1321"}],"curies":[{"name":"wp","href":"https:\/\/api.w.org\/{rel}","templated":true}]}}